{"id":658,"date":"2024-02-13T20:01:00","date_gmt":"2024-02-13T19:01:00","guid":{"rendered":"https:\/\/i-freesport.pe\/?post_type=product&#038;p=658"},"modified":"2024-02-16T23:02:34","modified_gmt":"2024-02-16T22:02:34","slug":"pelotas-de-voley-i-free-2","status":"publish","type":"product","link":"https:\/\/i-freesport.pe\/?product=pelotas-de-voley-i-free-2","title":{"rendered":"PELOTAS DE VOLEY  I-FREE"},"content":{"rendered":"<p>Experimenta la excelencia en cada saque y remate con nuestra pelota de voleibol de primera calidad. Dise\u00f1ada con materiales de alta calidad y tecnolog\u00eda avanzada, esta pelota ofrece un rendimiento excepcional en la cancha. Su cubierta resistente y duradera proporciona un agarre \u00f3ptimo y una trayectoria predecible, mientras que su construcci\u00f3n de m\u00faltiples capas garantiza una sensaci\u00f3n suave y un rebote consistente. Ya sea en entrenamiento o competici\u00f3n, nuestra pelota de voleibol te ayudar\u00e1 a alcanzar nuevos niveles de precisi\u00f3n y control. \u00a1Domina la red con confianza y estilo!<\/p>\n","protected":false},"excerpt":{"rendered":"<p>&nbsp;<\/p>\n<p>&nbsp;<\/p>\n<div id=\"gtx-trans\" style=\"position: absolute; left: -85px; top: 38px;\">\n<div class=\"gtx-trans-icon\"><\/div>\n<\/div>\n","protected":false},"featured_media":654,"comment_status":"open","ping_status":"closed","template":"","meta":[],"product_brand":[],"product_cat":[33],"product_tag":[34,25],"class_list":{"0":"post-658","1":"product","2":"type-product","3":"status-publish","4":"has-post-thumbnail","6":"product_cat-deportivo","7":"product_tag-casual","8":"product_tag-urbanas","10":"first","11":"instock","12":"taxable","13":"shipping-taxable","14":"purchasable","15":"product-type-simple"},"_links":{"self":[{"href":"https:\/\/i-freesport.pe\/index.php?rest_route=\/wp\/v2\/product\/658","targetHints":{"allow":["GET"]}}],"collection":[{"href":"https:\/\/i-freesport.pe\/index.php?rest_route=\/wp\/v2\/product"}],"about":[{"href":"https:\/\/i-freesport.pe\/index.php?rest_route=\/wp\/v2\/types\/product"}],"replies":[{"embeddable":true,"href":"https:\/\/i-freesport.pe\/index.php?rest_route=%2Fwp%2Fv2%2Fcomments&post=658"}],"wp:featuredmedia":[{"embeddable":true,"href":"https:\/\/i-freesport.pe\/index.php?rest_route=\/wp\/v2\/media\/654"}],"wp:attachment":[{"href":"https:\/\/i-freesport.pe\/index.php?rest_route=%2Fwp%2Fv2%2Fmedia&parent=658"}],"wp:term":[{"taxonomy":"product_brand","embeddable":true,"href":"https:\/\/i-freesport.pe\/index.php?rest_route=%2Fwp%2Fv2%2Fproduct_brand&post=658"},{"taxonomy":"product_cat","embeddable":true,"href":"https:\/\/i-freesport.pe\/index.php?rest_route=%2Fwp%2Fv2%2Fproduct_cat&post=658"},{"taxonomy":"product_tag","embeddable":true,"href":"https:\/\/i-freesport.pe\/index.php?rest_route=%2Fwp%2Fv2%2Fproduct_tag&post=658"}],"curies":[{"name":"wp","href":"https:\/\/api.w.org\/{rel}","templated":true}]}}