{"id":508,"date":"2024-02-10T16:18:17","date_gmt":"2024-02-10T15:18:17","guid":{"rendered":"https:\/\/i-freesport.pe\/?post_type=product&#038;p=508"},"modified":"2024-03-30T16:09:01","modified_gmt":"2024-03-30T15:09:01","slug":"zaptillas-i-free-sport-para-mujer-2220","status":"publish","type":"product","link":"https:\/\/i-freesport.pe\/?product=zaptillas-i-free-sport-para-mujer-2220","title":{"rendered":"ZAPTILLAS I-FREE SPORT PARA MUJER  2220"},"content":{"rendered":"<p>Experimenta el m\u00e1ximo rendimiento con nuestras zapatillas deportivas, dise\u00f1adas para ofrecerte resistencia y estilo en cada movimiento. Construidas con materiales de alta calidad y tecnolog\u00eda avanzada, estas zapatillas te brindan la durabilidad necesaria para tus entrenamientos m\u00e1s intensos, mientras su dise\u00f1o deportivo y moderno complementa tu estilo activo.<br \/>\n\u00a1Lleva tu juego al siguiente nivel con comodidad y confianza!<\/p>\n","protected":false},"excerpt":{"rendered":"<p>COD. 2220<\/p>\n","protected":false},"featured_media":512,"comment_status":"open","ping_status":"closed","template":"","meta":[],"product_brand":[],"product_cat":[20],"product_tag":[26,30,25],"class_list":{"0":"post-508","1":"product","2":"type-product","3":"status-publish","4":"has-post-thumbnail","6":"product_cat-mujer","7":"product_tag-casuales","8":"product_tag-deportivas","9":"product_tag-urbanas","11":"first","12":"instock","13":"taxable","14":"shipping-taxable","15":"purchasable","16":"product-type-simple"},"_links":{"self":[{"href":"https:\/\/i-freesport.pe\/index.php?rest_route=\/wp\/v2\/product\/508","targetHints":{"allow":["GET"]}}],"collection":[{"href":"https:\/\/i-freesport.pe\/index.php?rest_route=\/wp\/v2\/product"}],"about":[{"href":"https:\/\/i-freesport.pe\/index.php?rest_route=\/wp\/v2\/types\/product"}],"replies":[{"embeddable":true,"href":"https:\/\/i-freesport.pe\/index.php?rest_route=%2Fwp%2Fv2%2Fcomments&post=508"}],"wp:featuredmedia":[{"embeddable":true,"href":"https:\/\/i-freesport.pe\/index.php?rest_route=\/wp\/v2\/media\/512"}],"wp:attachment":[{"href":"https:\/\/i-freesport.pe\/index.php?rest_route=%2Fwp%2Fv2%2Fmedia&parent=508"}],"wp:term":[{"taxonomy":"product_brand","embeddable":true,"href":"https:\/\/i-freesport.pe\/index.php?rest_route=%2Fwp%2Fv2%2Fproduct_brand&post=508"},{"taxonomy":"product_cat","embeddable":true,"href":"https:\/\/i-freesport.pe\/index.php?rest_route=%2Fwp%2Fv2%2Fproduct_cat&post=508"},{"taxonomy":"product_tag","embeddable":true,"href":"https:\/\/i-freesport.pe\/index.php?rest_route=%2Fwp%2Fv2%2Fproduct_tag&post=508"}],"curies":[{"name":"wp","href":"https:\/\/api.w.org\/{rel}","templated":true}]}}