{"id":1721,"date":"2025-08-02T16:45:32","date_gmt":"2025-08-02T14:45:32","guid":{"rendered":"https:\/\/i-freesport.pe\/?post_type=product&#038;p=1721"},"modified":"2025-08-02T17:07:13","modified_gmt":"2025-08-02T15:07:13","slug":"zaptillas-i-free-para-hombre-2505","status":"publish","type":"product","link":"https:\/\/i-freesport.pe\/?product=zaptillas-i-free-para-hombre-2505","title":{"rendered":"ZAPTILLAS I-FREE PARA HOMBRE 2505"},"content":{"rendered":"<p>Explora la monta\u00f1a con confianza con nuestra zapatilla dise\u00f1ada para resistir los desaf\u00edos del terreno. Con una construcci\u00f3n robusta y materiales de alta calidad, esta zapatilla te brinda la resistencia necesaria para conquistar cualquier sendero, mientras su dise\u00f1o ergon\u00f3mico y funcionalidad aseguran comodidad y rendimiento en cada paso.<\/p>\n<p>\u00a1Prep\u00e1rate para alcanzar nuevas alturas con estilo y seguridad!<\/p>\n","protected":false},"excerpt":{"rendered":"<p>COD : 2505<\/p>\n","protected":false},"featured_media":1727,"comment_status":"open","ping_status":"closed","template":"","meta":[],"product_brand":[],"product_cat":[19],"product_tag":[28,27],"class_list":{"0":"post-1721","1":"product","2":"type-product","3":"status-publish","4":"has-post-thumbnail","6":"product_cat-hombre","7":"product_tag-montana","8":"product_tag-trekking","10":"first","11":"instock","12":"taxable","13":"shipping-taxable","14":"purchasable","15":"product-type-simple"},"_links":{"self":[{"href":"https:\/\/i-freesport.pe\/index.php?rest_route=\/wp\/v2\/product\/1721","targetHints":{"allow":["GET"]}}],"collection":[{"href":"https:\/\/i-freesport.pe\/index.php?rest_route=\/wp\/v2\/product"}],"about":[{"href":"https:\/\/i-freesport.pe\/index.php?rest_route=\/wp\/v2\/types\/product"}],"replies":[{"embeddable":true,"href":"https:\/\/i-freesport.pe\/index.php?rest_route=%2Fwp%2Fv2%2Fcomments&post=1721"}],"wp:featuredmedia":[{"embeddable":true,"href":"https:\/\/i-freesport.pe\/index.php?rest_route=\/wp\/v2\/media\/1727"}],"wp:attachment":[{"href":"https:\/\/i-freesport.pe\/index.php?rest_route=%2Fwp%2Fv2%2Fmedia&parent=1721"}],"wp:term":[{"taxonomy":"product_brand","embeddable":true,"href":"https:\/\/i-freesport.pe\/index.php?rest_route=%2Fwp%2Fv2%2Fproduct_brand&post=1721"},{"taxonomy":"product_cat","embeddable":true,"href":"https:\/\/i-freesport.pe\/index.php?rest_route=%2Fwp%2Fv2%2Fproduct_cat&post=1721"},{"taxonomy":"product_tag","embeddable":true,"href":"https:\/\/i-freesport.pe\/index.php?rest_route=%2Fwp%2Fv2%2Fproduct_tag&post=1721"}],"curies":[{"name":"wp","href":"https:\/\/api.w.org\/{rel}","templated":true}]}}