{"id":1495,"date":"2024-09-02T17:38:51","date_gmt":"2024-09-02T15:38:51","guid":{"rendered":"https:\/\/i-freesport.pe\/?post_type=product&#038;p=1495"},"modified":"2025-05-07T16:23:00","modified_gmt":"2025-05-07T14:23:00","slug":"chimpunes-i-free-hombre-2404","status":"publish","type":"product","link":"https:\/\/i-freesport.pe\/?product=chimpunes-i-free-hombre-2404","title":{"rendered":"CHIMPUNES I-FREE HOMBRE 2404"},"content":{"rendered":"<p>Nuestros modelos de f\u00fatbol para c\u00e9sped est\u00e1n dise\u00f1ados para maximizar tu rendimiento en el campo.<\/p>\n<p>Con una suela de tracci\u00f3n avanzada y materiales reforzados, ofrecen un agarre excepcional y una estabilidad \u00f3ptima en superficies de hierba.<\/p>\n<p>Dise\u00f1adas para la velocidad y el control, son la elecci\u00f3n perfecta para dominar cada jugada.<\/p>\n<p>&nbsp;<\/p>\n","protected":false},"excerpt":{"rendered":"<p>COD :2404<\/p>\n","protected":false},"featured_media":1504,"comment_status":"open","ping_status":"closed","template":"","meta":[],"product_brand":[],"product_cat":[33,19],"product_tag":[39,35,30,36],"class_list":{"0":"post-1495","1":"product","2":"type-product","3":"status-publish","4":"has-post-thumbnail","6":"product_cat-deportivo","7":"product_cat-hombre","8":"product_tag-39","9":"product_tag-chimpunes","10":"product_tag-deportivas","11":"product_tag-futbol","13":"first","14":"instock","15":"taxable","16":"shipping-taxable","17":"purchasable","18":"product-type-simple"},"_links":{"self":[{"href":"https:\/\/i-freesport.pe\/index.php?rest_route=\/wp\/v2\/product\/1495","targetHints":{"allow":["GET"]}}],"collection":[{"href":"https:\/\/i-freesport.pe\/index.php?rest_route=\/wp\/v2\/product"}],"about":[{"href":"https:\/\/i-freesport.pe\/index.php?rest_route=\/wp\/v2\/types\/product"}],"replies":[{"embeddable":true,"href":"https:\/\/i-freesport.pe\/index.php?rest_route=%2Fwp%2Fv2%2Fcomments&post=1495"}],"wp:featuredmedia":[{"embeddable":true,"href":"https:\/\/i-freesport.pe\/index.php?rest_route=\/wp\/v2\/media\/1504"}],"wp:attachment":[{"href":"https:\/\/i-freesport.pe\/index.php?rest_route=%2Fwp%2Fv2%2Fmedia&parent=1495"}],"wp:term":[{"taxonomy":"product_brand","embeddable":true,"href":"https:\/\/i-freesport.pe\/index.php?rest_route=%2Fwp%2Fv2%2Fproduct_brand&post=1495"},{"taxonomy":"product_cat","embeddable":true,"href":"https:\/\/i-freesport.pe\/index.php?rest_route=%2Fwp%2Fv2%2Fproduct_cat&post=1495"},{"taxonomy":"product_tag","embeddable":true,"href":"https:\/\/i-freesport.pe\/index.php?rest_route=%2Fwp%2Fv2%2Fproduct_tag&post=1495"}],"curies":[{"name":"wp","href":"https:\/\/api.w.org\/{rel}","templated":true}]}}