{"id":1246,"date":"2024-04-01T22:57:46","date_gmt":"2024-04-01T20:57:46","guid":{"rendered":"https:\/\/i-freesport.pe\/?post_type=product&#038;p=1246"},"modified":"2025-05-07T16:32:49","modified_gmt":"2025-05-07T14:32:49","slug":"chimpunes-i-free-hombre-2329","status":"publish","type":"product","link":"https:\/\/i-freesport.pe\/?product=chimpunes-i-free-hombre-2329","title":{"rendered":"CHIMPUNES I-FREE HOMBRE 2329"},"content":{"rendered":"<p>Son inmensamente vers\u00e1tiles: en el c\u00e9sped natural muestran los espect\u00e1culos incre\u00edbles todos los futbolistas en diferentes categor\u00edas de la competici\u00f3n.<\/p>\n<p>Te brindan el confort y el perfecto sentimiento por la pelota, por lo que disfrutar\u00e1s de las horas que pasas con ellas en el campo entrenando o competiendo.<\/p>\n","protected":false},"excerpt":{"rendered":"<p>COD :2329<\/p>\n","protected":false},"featured_media":1257,"comment_status":"open","ping_status":"closed","template":"","meta":[],"product_brand":[],"product_cat":[33,19],"product_tag":[35,30,36],"class_list":{"0":"post-1246","1":"product","2":"type-product","3":"status-publish","4":"has-post-thumbnail","6":"product_cat-deportivo","7":"product_cat-hombre","8":"product_tag-chimpunes","9":"product_tag-deportivas","10":"product_tag-futbol","12":"first","13":"instock","14":"taxable","15":"shipping-taxable","16":"purchasable","17":"product-type-simple"},"_links":{"self":[{"href":"https:\/\/i-freesport.pe\/index.php?rest_route=\/wp\/v2\/product\/1246","targetHints":{"allow":["GET"]}}],"collection":[{"href":"https:\/\/i-freesport.pe\/index.php?rest_route=\/wp\/v2\/product"}],"about":[{"href":"https:\/\/i-freesport.pe\/index.php?rest_route=\/wp\/v2\/types\/product"}],"replies":[{"embeddable":true,"href":"https:\/\/i-freesport.pe\/index.php?rest_route=%2Fwp%2Fv2%2Fcomments&post=1246"}],"wp:featuredmedia":[{"embeddable":true,"href":"https:\/\/i-freesport.pe\/index.php?rest_route=\/wp\/v2\/media\/1257"}],"wp:attachment":[{"href":"https:\/\/i-freesport.pe\/index.php?rest_route=%2Fwp%2Fv2%2Fmedia&parent=1246"}],"wp:term":[{"taxonomy":"product_brand","embeddable":true,"href":"https:\/\/i-freesport.pe\/index.php?rest_route=%2Fwp%2Fv2%2Fproduct_brand&post=1246"},{"taxonomy":"product_cat","embeddable":true,"href":"https:\/\/i-freesport.pe\/index.php?rest_route=%2Fwp%2Fv2%2Fproduct_cat&post=1246"},{"taxonomy":"product_tag","embeddable":true,"href":"https:\/\/i-freesport.pe\/index.php?rest_route=%2Fwp%2Fv2%2Fproduct_tag&post=1246"}],"curies":[{"name":"wp","href":"https:\/\/api.w.org\/{rel}","templated":true}]}}