{"id":1234,"date":"2024-04-01T22:57:18","date_gmt":"2024-04-01T20:57:18","guid":{"rendered":"https:\/\/i-freesport.pe\/?post_type=product&#038;p=1234"},"modified":"2025-05-07T17:03:24","modified_gmt":"2025-05-07T15:03:24","slug":"chimpunes-i-free-hombre-2327","status":"publish","type":"product","link":"https:\/\/i-freesport.pe\/?product=chimpunes-i-free-hombre-2327","title":{"rendered":"CHIMPUNES I-FREE HOMBRE 2327"},"content":{"rendered":"<p>Dise\u00f1ados principalmente para el superficies artificiales. Se\u00a0adaptan mejor al c\u00e9sped artificial moderno que casi no se distingue del c\u00e9sped natural. Esta suela te disparar\u00e1 al poder de los misiles.<\/p>\n<p>Son muy parecidas a las botas para terreno firme , pero los tacos son m\u00e1s bajos y de una forma especial para ofrecerte una estabilidad y aceleramiento en el c\u00e9sped artificial.<\/p>\n<p>&nbsp;<\/p>\n","protected":false},"excerpt":{"rendered":"<p>COD :2327<\/p>\n","protected":false},"featured_media":1245,"comment_status":"open","ping_status":"closed","template":"","meta":[],"product_brand":[],"product_cat":[33,19],"product_tag":[35,30,36],"class_list":{"0":"post-1234","1":"product","2":"type-product","3":"status-publish","4":"has-post-thumbnail","6":"product_cat-deportivo","7":"product_cat-hombre","8":"product_tag-chimpunes","9":"product_tag-deportivas","10":"product_tag-futbol","12":"first","13":"instock","14":"taxable","15":"shipping-taxable","16":"purchasable","17":"product-type-simple"},"_links":{"self":[{"href":"https:\/\/i-freesport.pe\/index.php?rest_route=\/wp\/v2\/product\/1234","targetHints":{"allow":["GET"]}}],"collection":[{"href":"https:\/\/i-freesport.pe\/index.php?rest_route=\/wp\/v2\/product"}],"about":[{"href":"https:\/\/i-freesport.pe\/index.php?rest_route=\/wp\/v2\/types\/product"}],"replies":[{"embeddable":true,"href":"https:\/\/i-freesport.pe\/index.php?rest_route=%2Fwp%2Fv2%2Fcomments&post=1234"}],"wp:featuredmedia":[{"embeddable":true,"href":"https:\/\/i-freesport.pe\/index.php?rest_route=\/wp\/v2\/media\/1245"}],"wp:attachment":[{"href":"https:\/\/i-freesport.pe\/index.php?rest_route=%2Fwp%2Fv2%2Fmedia&parent=1234"}],"wp:term":[{"taxonomy":"product_brand","embeddable":true,"href":"https:\/\/i-freesport.pe\/index.php?rest_route=%2Fwp%2Fv2%2Fproduct_brand&post=1234"},{"taxonomy":"product_cat","embeddable":true,"href":"https:\/\/i-freesport.pe\/index.php?rest_route=%2Fwp%2Fv2%2Fproduct_cat&post=1234"},{"taxonomy":"product_tag","embeddable":true,"href":"https:\/\/i-freesport.pe\/index.php?rest_route=%2Fwp%2Fv2%2Fproduct_tag&post=1234"}],"curies":[{"name":"wp","href":"https:\/\/api.w.org\/{rel}","templated":true}]}}