{"id":1230,"date":"2024-03-30T19:02:36","date_gmt":"2024-03-30T18:02:36","guid":{"rendered":"https:\/\/i-freesport.pe\/?post_type=product&#038;p=1230"},"modified":"2024-09-02T17:55:31","modified_gmt":"2024-09-02T15:55:31","slug":"zaptillas-i-free-para-mujer-2303","status":"publish","type":"product","link":"https:\/\/i-freesport.pe\/?product=zaptillas-i-free-para-mujer-2303","title":{"rendered":"ZAPTILLAS I-FREE PARA MUJER  2405"},"content":{"rendered":"<p>Nuestros modelos de monta\u00f1a est\u00e1n equipados con suelas de alta tracci\u00f3n, dise\u00f1adas para ofrecer un agarre excepcional en superficies irregulares y terrenos dif\u00edciles.<\/p>\n<p>Fabricados con materiales duraderos y transpirables, proporcionan estabilidad, soporte estructural y confort en cada paso, asegurando un rendimiento \u00f3ptimo en cualquier condici\u00f3n.<\/p>\n","protected":false},"excerpt":{"rendered":"<p>COD : 2405<\/p>\n","protected":false},"featured_media":1515,"comment_status":"open","ping_status":"closed","template":"","meta":[],"product_brand":[],"product_cat":[20],"product_tag":[28,27,25],"class_list":{"0":"post-1230","1":"product","2":"type-product","3":"status-publish","4":"has-post-thumbnail","6":"product_cat-mujer","7":"product_tag-montana","8":"product_tag-trekking","9":"product_tag-urbanas","11":"first","12":"instock","13":"taxable","14":"shipping-taxable","15":"purchasable","16":"product-type-simple"},"_links":{"self":[{"href":"https:\/\/i-freesport.pe\/index.php?rest_route=\/wp\/v2\/product\/1230","targetHints":{"allow":["GET"]}}],"collection":[{"href":"https:\/\/i-freesport.pe\/index.php?rest_route=\/wp\/v2\/product"}],"about":[{"href":"https:\/\/i-freesport.pe\/index.php?rest_route=\/wp\/v2\/types\/product"}],"replies":[{"embeddable":true,"href":"https:\/\/i-freesport.pe\/index.php?rest_route=%2Fwp%2Fv2%2Fcomments&post=1230"}],"wp:featuredmedia":[{"embeddable":true,"href":"https:\/\/i-freesport.pe\/index.php?rest_route=\/wp\/v2\/media\/1515"}],"wp:attachment":[{"href":"https:\/\/i-freesport.pe\/index.php?rest_route=%2Fwp%2Fv2%2Fmedia&parent=1230"}],"wp:term":[{"taxonomy":"product_brand","embeddable":true,"href":"https:\/\/i-freesport.pe\/index.php?rest_route=%2Fwp%2Fv2%2Fproduct_brand&post=1230"},{"taxonomy":"product_cat","embeddable":true,"href":"https:\/\/i-freesport.pe\/index.php?rest_route=%2Fwp%2Fv2%2Fproduct_cat&post=1230"},{"taxonomy":"product_tag","embeddable":true,"href":"https:\/\/i-freesport.pe\/index.php?rest_route=%2Fwp%2Fv2%2Fproduct_tag&post=1230"}],"curies":[{"name":"wp","href":"https:\/\/api.w.org\/{rel}","templated":true}]}}