{"id":1183,"date":"2024-03-30T18:44:29","date_gmt":"2024-03-30T17:44:29","guid":{"rendered":"https:\/\/i-freesport.pe\/?post_type=product&#038;p=1183"},"modified":"2025-05-07T16:14:19","modified_gmt":"2025-05-07T14:14:19","slug":"zaptillas-i-free-para-hombre-2317-2","status":"publish","type":"product","link":"https:\/\/i-freesport.pe\/?product=zaptillas-i-free-para-hombre-2317-2","title":{"rendered":"ZAPTILLAS I-FREE PARA HOMBRE 2406"},"content":{"rendered":"<p>Estos modelos de monta\u00f1a combinan suelas de tracci\u00f3n avanzada para un agarre superior en terrenos dif\u00edciles, con un dise\u00f1o vers\u00e1til y c\u00f3modo ideal para el uso diario.<\/p>\n<p>Fabricados con materiales resistentes y transpirables, ofrecen durabilidad y soporte en cada paso, ya sea en tus aventuras al aire libre o en la rutina de la ciudad.<\/p>\n","protected":false},"excerpt":{"rendered":"<p>COD : 2406<\/p>\n","protected":false},"featured_media":1526,"comment_status":"open","ping_status":"closed","template":"","meta":[],"product_brand":[],"product_cat":[19],"product_tag":[28,27,29],"class_list":{"0":"post-1183","1":"product","2":"type-product","3":"status-publish","4":"has-post-thumbnail","6":"product_cat-hombre","7":"product_tag-montana","8":"product_tag-trekking","9":"product_tag-urbanos","11":"first","12":"instock","13":"taxable","14":"shipping-taxable","15":"purchasable","16":"product-type-simple"},"_links":{"self":[{"href":"https:\/\/i-freesport.pe\/index.php?rest_route=\/wp\/v2\/product\/1183","targetHints":{"allow":["GET"]}}],"collection":[{"href":"https:\/\/i-freesport.pe\/index.php?rest_route=\/wp\/v2\/product"}],"about":[{"href":"https:\/\/i-freesport.pe\/index.php?rest_route=\/wp\/v2\/types\/product"}],"replies":[{"embeddable":true,"href":"https:\/\/i-freesport.pe\/index.php?rest_route=%2Fwp%2Fv2%2Fcomments&post=1183"}],"wp:featuredmedia":[{"embeddable":true,"href":"https:\/\/i-freesport.pe\/index.php?rest_route=\/wp\/v2\/media\/1526"}],"wp:attachment":[{"href":"https:\/\/i-freesport.pe\/index.php?rest_route=%2Fwp%2Fv2%2Fmedia&parent=1183"}],"wp:term":[{"taxonomy":"product_brand","embeddable":true,"href":"https:\/\/i-freesport.pe\/index.php?rest_route=%2Fwp%2Fv2%2Fproduct_brand&post=1183"},{"taxonomy":"product_cat","embeddable":true,"href":"https:\/\/i-freesport.pe\/index.php?rest_route=%2Fwp%2Fv2%2Fproduct_cat&post=1183"},{"taxonomy":"product_tag","embeddable":true,"href":"https:\/\/i-freesport.pe\/index.php?rest_route=%2Fwp%2Fv2%2Fproduct_tag&post=1183"}],"curies":[{"name":"wp","href":"https:\/\/api.w.org\/{rel}","templated":true}]}}